{"id":918,"date":"2023-10-31T23:08:21","date_gmt":"2023-10-31T23:08:21","guid":{"rendered":"https:\/\/drhainguyen.ca\/schedule-a-consultation\/"},"modified":"2025-04-04T19:49:38","modified_gmt":"2025-04-04T19:49:38","slug":"schedule-a-consultation","status":"publish","type":"page","link":"https:\/\/drhainguyen.ca\/en\/schedule-a-consultation\/","title":{"rendered":"CONSULTATION"},"content":{"rendered":"\t\t<div data-elementor-type=\"wp-page\" data-elementor-id=\"918\" class=\"elementor elementor-918 elementor-32\" data-elementor-post-type=\"page\">\n\t\t\t\t\t\t\t<div class=\"elementor-element elementor-element-02c8545 e-flex e-con-boxed e-con e-parent\" data-id=\"02c8545\" data-element_type=\"container\" data-settings=\"{&quot;content_width&quot;:&quot;boxed&quot;}\" data-core-v316-plus=\"true\">\n\t\t\t\t\t<div class=\"e-con-inner\">\n\t\t\t\t<div class=\"elementor-element elementor-element-0234778 elementor-widget elementor-widget-heading\" data-id=\"0234778\" data-element_type=\"widget\" data-widget_type=\"heading.default\">\n\t\t\t\t<div class=\"elementor-widget-container\">\n\t\t\t<style>\/*! elementor - v3.17.0 - 08-11-2023 *\/\n.elementor-heading-title{padding:0;margin:0;line-height:1}.elementor-widget-heading .elementor-heading-title[class*=elementor-size-]>a{color:inherit;font-size:inherit;line-height:inherit}.elementor-widget-heading .elementor-heading-title.elementor-size-small{font-size:15px}.elementor-widget-heading .elementor-heading-title.elementor-size-medium{font-size:19px}.elementor-widget-heading .elementor-heading-title.elementor-size-large{font-size:29px}.elementor-widget-heading .elementor-heading-title.elementor-size-xl{font-size:39px}.elementor-widget-heading .elementor-heading-title.elementor-size-xxl{font-size:59px}<\/style><h2 class=\"elementor-heading-title elementor-size-default\">SCHEDULE A CONSULTATION<\/h2>\t\t<\/div>\n\t\t\t\t<\/div>\n\t\t\t\t<div class=\"elementor-element elementor-element-a9db44b elementor-widget elementor-widget-text-editor\" data-id=\"a9db44b\" data-element_type=\"widget\" data-widget_type=\"text-editor.default\">\n\t\t\t\t<div class=\"elementor-widget-container\">\n\t\t\t<style>\/*! elementor - v3.17.0 - 08-11-2023 *\/\n.elementor-widget-text-editor.elementor-drop-cap-view-stacked .elementor-drop-cap{background-color:#69727d;color:#fff}.elementor-widget-text-editor.elementor-drop-cap-view-framed .elementor-drop-cap{color:#69727d;border:3px solid;background-color:transparent}.elementor-widget-text-editor:not(.elementor-drop-cap-view-default) .elementor-drop-cap{margin-top:8px}.elementor-widget-text-editor:not(.elementor-drop-cap-view-default) .elementor-drop-cap-letter{width:1em;height:1em}.elementor-widget-text-editor .elementor-drop-cap{float:left;text-align:center;line-height:1;font-size:50px}.elementor-widget-text-editor .elementor-drop-cap-letter{display:inline-block}<\/style>\t\t\t\t<p>Please fill out the form below to schedule a consultation with Dr. Hai Nguyen. We will contact you to confirm your appointment date and time to discuss the type of surgery best suited to your condition.<\/p>\n\t\t\t\t\t\t<\/div>\n\t\t\t\t<\/div>\n\t\t\t\t\t<\/div>\n\t\t\t\t<\/div>\n\t\t<div class=\"elementor-element elementor-element-a419066 e-con-full e-flex e-con e-parent\" data-id=\"a419066\" data-element_type=\"container\" data-settings=\"{&quot;content_width&quot;:&quot;full&quot;}\" data-core-v316-plus=\"true\">\n\t\t\t\t<div class=\"elementor-element elementor-element-5b42f66 elementor-widget elementor-widget-shortcode\" data-id=\"5b42f66\" data-element_type=\"widget\" data-widget_type=\"shortcode.default\">\n\t\t\t\t<div class=\"elementor-widget-container\">\n\t\t\t\t\t<div class=\"elementor-shortcode\">\n<div class=\"wpcf7 no-js\" id=\"wpcf7-f946-o1\" lang=\"fr-FR\" dir=\"ltr\">\n<div class=\"screen-reader-response\"><p role=\"status\" aria-live=\"polite\" aria-atomic=\"true\"><\/p> <ul><\/ul><\/div>\n<form action=\"\/en\/wp-json\/wp\/v2\/pages\/918#wpcf7-f946-o1\" method=\"post\" class=\"wpcf7-form init\" aria-label=\"Formulaire de contact\" enctype=\"multipart\/form-data\" novalidate=\"novalidate\" data-status=\"init\">\n<div style=\"display: none;\">\n<input type=\"hidden\" name=\"_wpcf7\" value=\"946\" \/>\n<input type=\"hidden\" name=\"_wpcf7_version\" value=\"5.8.3\" \/>\n<input type=\"hidden\" name=\"_wpcf7_locale\" value=\"fr_FR\" \/>\n<input type=\"hidden\" name=\"_wpcf7_unit_tag\" value=\"wpcf7-f946-o1\" \/>\n<input type=\"hidden\" name=\"_wpcf7_container_post\" value=\"0\" \/>\n<input type=\"hidden\" name=\"_wpcf7_posted_data_hash\" value=\"\" \/>\n<input type=\"hidden\" name=\"_wpcf7cf_hidden_group_fields\" value=\"[]\" \/>\n<input type=\"hidden\" name=\"_wpcf7cf_hidden_groups\" value=\"[]\" \/>\n<input type=\"hidden\" name=\"_wpcf7cf_visible_groups\" value=\"[]\" \/>\n<input type=\"hidden\" name=\"_wpcf7cf_repeaters\" value=\"[]\" \/>\n<input type=\"hidden\" name=\"_wpcf7cf_steps\" value=\"{}\" \/>\n<input type=\"hidden\" name=\"_wpcf7cf_options\" value=\"{&quot;form_id&quot;:946,&quot;conditions&quot;:[{&quot;then_field&quot;:&quot;group-image&quot;,&quot;and_rules&quot;:[{&quot;if_field&quot;:&quot;radio-image&quot;,&quot;operator&quot;:&quot;equals&quot;,&quot;if_value&quot;:&quot;No&quot;}]},{&quot;then_field&quot;:&quot;group-info&quot;,&quot;and_rules&quot;:[{&quot;if_field&quot;:&quot;acceptance-574&quot;,&quot;operator&quot;:&quot;equals&quot;,&quot;if_value&quot;:&quot;1&quot;},{&quot;if_field&quot;:&quot;radio-image&quot;,&quot;operator&quot;:&quot;equals&quot;,&quot;if_value&quot;:&quot;Yes&quot;}]},{&quot;then_field&quot;:&quot;group-ramq&quot;,&quot;and_rules&quot;:[{&quot;if_field&quot;:&quot;radio-image&quot;,&quot;operator&quot;:&quot;equals&quot;,&quot;if_value&quot;:&quot;Yes&quot;}]}],&quot;settings&quot;:{&quot;animation&quot;:&quot;yes&quot;,&quot;animation_intime&quot;:200,&quot;animation_outtime&quot;:200,&quot;conditions_ui&quot;:&quot;normal&quot;,&quot;notice_dismissed&quot;:false}}\" \/>\n<input type=\"hidden\" name=\"_wpcf7_recaptcha_response\" value=\"\" \/>\n<\/div>\n<div class=\"form-grid\">\n\t<div class=\"form-row tac\">\n\t\t<h4>DO YOU HAVE X-RAYS\/IMAGES?<\/h4>\n\t\t<span class=\"wpcf7-form-control-wrap\" data-name=\"radio-image\"><span class=\"wpcf7-form-control wpcf7-radio\"><span class=\"wpcf7-list-item first\"><label><input type=\"radio\" name=\"radio-image\" value=\"Yes\" \/><span class=\"wpcf7-list-item-label\">Yes<\/span><\/label><\/span><span class=\"wpcf7-list-item last\"><label><input type=\"radio\" name=\"radio-image\" value=\"No\" \/><span class=\"wpcf7-list-item-label\">No<\/span><\/label><\/span><\/span><\/span>\n\t\t<div data-id=\"group-image\" data-orig_data_id=\"group-image\" data-clear_on_hide data-class=\"wpcf7cf_group\">\n\t\tPlease obtain X-rays\/images prior to your consultation with Dr. Hai Nguyen.\n\t\t<\/div>\n\t<\/div>\n\t<div class=\"form-row tac\">\n<div data-id=\"group-ramq\" data-orig_data_id=\"group-ramq\"  data-class=\"wpcf7cf_group\">\n<span class=\"wpcf7-form-control-wrap\" data-name=\"acceptance-574\"><span class=\"wpcf7-form-control wpcf7-acceptance\"><span class=\"wpcf7-list-item\"><label><input type=\"checkbox\" name=\"acceptance-574\" value=\"1\" aria-invalid=\"false\" \/><span class=\"wpcf7-list-item-label\">I consent by this that I agree to receive care under the private plan.<\/span><\/label><\/span><\/span><\/span>\n<\/div>\n\t<\/div>\n<\/div>\n<div data-id=\"group-info\" data-orig_data_id=\"group-info\" data-clear_on_hide data-class=\"wpcf7cf_group\">\n<div class=\"form-grid\">\n\t<div class=\"form-row col-2\">\n\t\t<label>FIRST NAME\n\t\t\t<span class=\"wpcf7-form-control-wrap\" data-name=\"text-prenom\"><input size=\"40\" class=\"wpcf7-form-control wpcf7-text wpcf7-validates-as-required\" aria-required=\"true\" aria-invalid=\"false\" value=\"\" type=\"text\" name=\"text-prenom\" \/><\/span>\n\t\t<\/label>\n\t\t<label>LAST NAME\n\t\t\t<span class=\"wpcf7-form-control-wrap\" data-name=\"text-nom\"><input size=\"40\" class=\"wpcf7-form-control wpcf7-text wpcf7-validates-as-required\" aria-required=\"true\" aria-invalid=\"false\" value=\"\" type=\"text\" name=\"text-nom\" \/><\/span>\n\t\t<\/label>\n\t\t<label>PHONE\n\t\t\t<span class=\"wpcf7-form-control-wrap\" data-name=\"tel-phone\"><input size=\"40\" class=\"wpcf7-form-control wpcf7-tel wpcf7-validates-as-required wpcf7-text wpcf7-validates-as-tel\" aria-required=\"true\" aria-invalid=\"false\" value=\"\" type=\"tel\" name=\"tel-phone\" \/><\/span><\/label>\n\t\t<label>E-MAIL\n\t\t\t<span class=\"wpcf7-form-control-wrap\" data-name=\"email-277\"><input size=\"40\" class=\"wpcf7-form-control wpcf7-email wpcf7-validates-as-required wpcf7-text wpcf7-validates-as-email\" aria-required=\"true\" aria-invalid=\"false\" value=\"\" type=\"email\" name=\"email-277\" \/><\/span><\/label>\n\t<\/div>\n\t<div class=\"form-row\">\n\t\t<h4>PROCEDURE YOU ARE INTERESTED IN.<\/h4>\n\t\t<span class=\"wpcf7-form-control-wrap\" data-name=\"radio-interest\"><span class=\"wpcf7-form-control wpcf7-radio\"><span class=\"wpcf7-list-item first\"><label><input type=\"radio\" name=\"radio-interest\" value=\"Hip replacement\" \/><span class=\"wpcf7-list-item-label\">Hip replacement<\/span><\/label><\/span><span class=\"wpcf7-list-item last\"><label><input type=\"radio\" name=\"radio-interest\" value=\"Knee replacement\" \/><span class=\"wpcf7-list-item-label\">Knee replacement<\/span><\/label><\/span><\/span><\/span>\n\t<\/div>\n\t<div class=\"form-row\">\n\t\t<h4>DESCRIBE YOUR SYMPTOMS<\/h4>\n\t\t<span class=\"wpcf7-form-control-wrap\" data-name=\"textarea-934\"><textarea cols=\"40\" rows=\"10\" class=\"wpcf7-form-control wpcf7-textarea\" aria-invalid=\"false\" name=\"textarea-934\"><\/textarea><\/span>\n\t<\/div>\n\t<div class=\"form-row\">\n\t\t<h4>UPLOAD YOUR REFFERAL IF YOU HAVE ANY.<\/h4>\n\t\t<span class=\"wpcf7-form-control-wrap\" data-name=\"file-760\"><input size=\"40\" class=\"wpcf7-form-control wpcf7-file\" accept=\"image\/*,.pdf\" aria-invalid=\"false\" type=\"file\" name=\"file-760\" \/><\/span>\n\t<\/div>\n\t<div class=\"form-row\">\n\t\t<h4>UPLOAD MEDICAL REPORTS FROM YOUR X-RAYS\/IMAGES, IF YOU HAVE ANY.<\/h4>\n\t\t<span class=\"wpcf7-form-control-wrap\" data-name=\"file-761\"><input size=\"40\" class=\"wpcf7-form-control wpcf7-file\" accept=\"image\/*,.pdf\" aria-invalid=\"false\" type=\"file\" name=\"file-761\" \/><\/span>\n\t<\/div>\n<\/div>\n<input class=\"wpcf7-form-control wpcf7-submit has-spinner\" type=\"submit\" value=\"SUBMIT\" \/>\n<\/div><div class=\"wpcf7-response-output\" aria-hidden=\"true\"><\/div>\n<\/form>\n<\/div>\n<\/div>\n\t\t\t\t<\/div>\n\t\t\t\t<\/div>\n\t\t\t\t<\/div>\n\t\t\t\t\t\t\t<\/div>\n\t\t","protected":false},"excerpt":{"rendered":"<p>SCHEDULE A CONSULTATION Please fill out the form below to schedule a consultation with Dr. Hai Nguyen. We will contact you to confirm your appointment date and time to discuss the type of surgery best suited to your condition.<\/p>\n","protected":false},"author":1,"featured_media":0,"parent":0,"menu_order":0,"comment_status":"closed","ping_status":"closed","template":"elementor_header_footer","meta":{"footnotes":""},"class_list":["post-918","page","type-page","status-publish","hentry"],"acf":[],"yoast_head":"<!-- This site is optimized with the Yoast SEO plugin v21.5 - https:\/\/yoast.com\/wordpress\/plugins\/seo\/ -->\n<title>CONSULTATION | Dr Hai Nguyen Chirurgien Orthop\u00e9dique Montr\u00e9al<\/title>\n<meta name=\"description\" content=\"CONSULTATION | Chirurgie de remplacement du genou et de la hanche. Implants, proth\u00e8ses du genou et de la hanche a Montr\u00e9al\" \/>\n<meta name=\"robots\" content=\"index, follow, max-snippet:-1, max-image-preview:large, max-video-preview:-1\" \/>\n<link rel=\"canonical\" href=\"https:\/\/drhainguyen.ca\/en\/schedule-a-consultation\/\" \/>\n<meta property=\"og:locale\" content=\"en_US\" \/>\n<meta property=\"og:type\" content=\"article\" \/>\n<meta property=\"og:title\" content=\"CONSULTATION | Dr Hai Nguyen Chirurgien Orthop\u00e9dique Montr\u00e9al\" \/>\n<meta property=\"og:description\" content=\"CONSULTATION | Chirurgie de remplacement du genou et de la hanche. Implants, proth\u00e8ses du genou et de la hanche a Montr\u00e9al\" \/>\n<meta property=\"og:url\" content=\"https:\/\/drhainguyen.ca\/en\/schedule-a-consultation\/\" \/>\n<meta property=\"og:site_name\" content=\"Dr Hai Nguyen\" \/>\n<meta property=\"article:modified_time\" content=\"2025-04-04T19:49:38+00:00\" \/>\n<meta name=\"twitter:card\" content=\"summary_large_image\" \/>\n<meta name=\"twitter:label1\" content=\"Est. reading time\" \/>\n\t<meta name=\"twitter:data1\" content=\"1 minute\" \/>\n<script type=\"application\/ld+json\" class=\"yoast-schema-graph\">{\"@context\":\"https:\/\/schema.org\",\"@graph\":[{\"@type\":\"WebPage\",\"@id\":\"https:\/\/drhainguyen.ca\/en\/schedule-a-consultation\/\",\"url\":\"https:\/\/drhainguyen.ca\/en\/schedule-a-consultation\/\",\"name\":\"CONSULTATION | Dr Hai Nguyen Chirurgien Orthop\u00e9dique Montr\u00e9al\",\"isPartOf\":{\"@id\":\"https:\/\/drhainguyen.ca\/en\/#website\"},\"datePublished\":\"2023-10-31T23:08:21+00:00\",\"dateModified\":\"2025-04-04T19:49:38+00:00\",\"description\":\"CONSULTATION | Chirurgie de remplacement du genou et de la hanche. Implants, proth\u00e8ses du genou et de la hanche a Montr\u00e9al\",\"breadcrumb\":{\"@id\":\"https:\/\/drhainguyen.ca\/en\/schedule-a-consultation\/#breadcrumb\"},\"inLanguage\":\"en-US\",\"potentialAction\":[{\"@type\":\"ReadAction\",\"target\":[\"https:\/\/drhainguyen.ca\/en\/schedule-a-consultation\/\"]}]},{\"@type\":\"BreadcrumbList\",\"@id\":\"https:\/\/drhainguyen.ca\/en\/schedule-a-consultation\/#breadcrumb\",\"itemListElement\":[{\"@type\":\"ListItem\",\"position\":1,\"name\":\"Home\",\"item\":\"https:\/\/drhainguyen.ca\/en\/\"},{\"@type\":\"ListItem\",\"position\":2,\"name\":\"CONSULTATION\"}]},{\"@type\":\"WebSite\",\"@id\":\"https:\/\/drhainguyen.ca\/en\/#website\",\"url\":\"https:\/\/drhainguyen.ca\/en\/\",\"name\":\"Dr Hai Nguyen\",\"description\":\"\",\"publisher\":{\"@id\":\"https:\/\/drhainguyen.ca\/en\/#organization\"},\"potentialAction\":[{\"@type\":\"SearchAction\",\"target\":{\"@type\":\"EntryPoint\",\"urlTemplate\":\"https:\/\/drhainguyen.ca\/en\/?s={search_term_string}\"},\"query-input\":\"required name=search_term_string\"}],\"inLanguage\":\"en-US\"},{\"@type\":\"Organization\",\"@id\":\"https:\/\/drhainguyen.ca\/en\/#organization\",\"name\":\"Dr Hai Nguyen\",\"url\":\"https:\/\/drhainguyen.ca\/en\/\",\"logo\":{\"@type\":\"ImageObject\",\"inLanguage\":\"en-US\",\"@id\":\"https:\/\/drhainguyen.ca\/en\/#\/schema\/logo\/image\/\",\"url\":\"https:\/\/drhainguyen.ca\/wp-content\/uploads\/2023\/10\/HN_Logo.svg\",\"contentUrl\":\"https:\/\/drhainguyen.ca\/wp-content\/uploads\/2023\/10\/HN_Logo.svg\",\"width\":612,\"height\":554,\"caption\":\"Dr Hai Nguyen\"},\"image\":{\"@id\":\"https:\/\/drhainguyen.ca\/en\/#\/schema\/logo\/image\/\"},\"sameAs\":[\"https:\/\/www.ratemds.com\/doctor-ratings\/84885\/Dr-Hai-Nguyen-Brossard-QC.html\/\"]}]}<\/script>\n<!-- \/ Yoast SEO plugin. -->","yoast_head_json":{"title":"CONSULTATION | Dr Hai Nguyen Chirurgien Orthop\u00e9dique Montr\u00e9al","description":"CONSULTATION | Chirurgie de remplacement du genou et de la hanche. Implants, proth\u00e8ses du genou et de la hanche a Montr\u00e9al","robots":{"index":"index","follow":"follow","max-snippet":"max-snippet:-1","max-image-preview":"max-image-preview:large","max-video-preview":"max-video-preview:-1"},"canonical":"https:\/\/drhainguyen.ca\/en\/schedule-a-consultation\/","og_locale":"en_US","og_type":"article","og_title":"CONSULTATION | Dr Hai Nguyen Chirurgien Orthop\u00e9dique Montr\u00e9al","og_description":"CONSULTATION | Chirurgie de remplacement du genou et de la hanche. Implants, proth\u00e8ses du genou et de la hanche a Montr\u00e9al","og_url":"https:\/\/drhainguyen.ca\/en\/schedule-a-consultation\/","og_site_name":"Dr Hai Nguyen","article_modified_time":"2025-04-04T19:49:38+00:00","twitter_card":"summary_large_image","twitter_misc":{"Est. reading time":"1 minute"},"schema":{"@context":"https:\/\/schema.org","@graph":[{"@type":"WebPage","@id":"https:\/\/drhainguyen.ca\/en\/schedule-a-consultation\/","url":"https:\/\/drhainguyen.ca\/en\/schedule-a-consultation\/","name":"CONSULTATION | Dr Hai Nguyen Chirurgien Orthop\u00e9dique Montr\u00e9al","isPartOf":{"@id":"https:\/\/drhainguyen.ca\/en\/#website"},"datePublished":"2023-10-31T23:08:21+00:00","dateModified":"2025-04-04T19:49:38+00:00","description":"CONSULTATION | Chirurgie de remplacement du genou et de la hanche. Implants, proth\u00e8ses du genou et de la hanche a Montr\u00e9al","breadcrumb":{"@id":"https:\/\/drhainguyen.ca\/en\/schedule-a-consultation\/#breadcrumb"},"inLanguage":"en-US","potentialAction":[{"@type":"ReadAction","target":["https:\/\/drhainguyen.ca\/en\/schedule-a-consultation\/"]}]},{"@type":"BreadcrumbList","@id":"https:\/\/drhainguyen.ca\/en\/schedule-a-consultation\/#breadcrumb","itemListElement":[{"@type":"ListItem","position":1,"name":"Home","item":"https:\/\/drhainguyen.ca\/en\/"},{"@type":"ListItem","position":2,"name":"CONSULTATION"}]},{"@type":"WebSite","@id":"https:\/\/drhainguyen.ca\/en\/#website","url":"https:\/\/drhainguyen.ca\/en\/","name":"Dr Hai Nguyen","description":"","publisher":{"@id":"https:\/\/drhainguyen.ca\/en\/#organization"},"potentialAction":[{"@type":"SearchAction","target":{"@type":"EntryPoint","urlTemplate":"https:\/\/drhainguyen.ca\/en\/?s={search_term_string}"},"query-input":"required name=search_term_string"}],"inLanguage":"en-US"},{"@type":"Organization","@id":"https:\/\/drhainguyen.ca\/en\/#organization","name":"Dr Hai Nguyen","url":"https:\/\/drhainguyen.ca\/en\/","logo":{"@type":"ImageObject","inLanguage":"en-US","@id":"https:\/\/drhainguyen.ca\/en\/#\/schema\/logo\/image\/","url":"https:\/\/drhainguyen.ca\/wp-content\/uploads\/2023\/10\/HN_Logo.svg","contentUrl":"https:\/\/drhainguyen.ca\/wp-content\/uploads\/2023\/10\/HN_Logo.svg","width":612,"height":554,"caption":"Dr Hai Nguyen"},"image":{"@id":"https:\/\/drhainguyen.ca\/en\/#\/schema\/logo\/image\/"},"sameAs":["https:\/\/www.ratemds.com\/doctor-ratings\/84885\/Dr-Hai-Nguyen-Brossard-QC.html\/"]}]}},"_links":{"self":[{"href":"https:\/\/drhainguyen.ca\/en\/wp-json\/wp\/v2\/pages\/918","targetHints":{"allow":["GET"]}}],"collection":[{"href":"https:\/\/drhainguyen.ca\/en\/wp-json\/wp\/v2\/pages"}],"about":[{"href":"https:\/\/drhainguyen.ca\/en\/wp-json\/wp\/v2\/types\/page"}],"author":[{"embeddable":true,"href":"https:\/\/drhainguyen.ca\/en\/wp-json\/wp\/v2\/users\/1"}],"replies":[{"embeddable":true,"href":"https:\/\/drhainguyen.ca\/en\/wp-json\/wp\/v2\/comments?post=918"}],"version-history":[{"count":5,"href":"https:\/\/drhainguyen.ca\/en\/wp-json\/wp\/v2\/pages\/918\/revisions"}],"predecessor-version":[{"id":1221,"href":"https:\/\/drhainguyen.ca\/en\/wp-json\/wp\/v2\/pages\/918\/revisions\/1221"}],"wp:attachment":[{"href":"https:\/\/drhainguyen.ca\/en\/wp-json\/wp\/v2\/media?parent=918"}],"curies":[{"name":"wp","href":"https:\/\/api.w.org\/{rel}","templated":true}]}}